{"id":1243,"date":"2023-02-09T13:22:57","date_gmt":"2023-02-09T13:22:57","guid":{"rendered":"https:\/\/www.baronovila.lt\/?page_id=1243"},"modified":"2023-02-09T13:22:57","modified_gmt":"2023-02-09T13:22:57","slug":"audioguide","status":"publish","type":"page","link":"https:\/\/www.baronovila.lt\/en\/audioguide\/","title":{"rendered":"Audioguide"},"content":{"rendered":"<p>[vc_row row_height_percent=&#8221;0&#8243; back_color=&#8221;color-132390&#8243; overlay_alpha=&#8221;50&#8243; gutter_size=&#8221;3&#8243; column_width_percent=&#8221;100&#8243; shift_y=&#8221;0&#8243; z_index=&#8221;0&#8243; uncode_shortcode_id=&#8221;154603&#8243; back_color_type=&#8221;uncode-palette&#8221;][vc_column column_width_percent=&#8221;100&#8243; gutter_size=&#8221;2&#8243; overlay_alpha=&#8221;50&#8243; shift_x=&#8221;0&#8243; shift_y=&#8221;0&#8243; shift_y_down=&#8221;0&#8243; z_index=&#8221;0&#8243; medium_width=&#8221;0&#8243; mobile_width=&#8221;0&#8243; width=&#8221;1\/1&#8243; uncode_shortcode_id=&#8221;417695&#8243;][vc_custom_heading text_color=&#8221;color-132390&#8243; text_font=&#8221;font-167833&#8243; text_size=&#8221;fontsize-180468&#8243; text_weight=&#8221;300&#8243; text_transform=&#8221;uppercase&#8221; css_animation=&#8221;marquee-scroll&#8221; marquee_clone=&#8221;yes&#8221; uncode_shortcode_id=&#8221;809864&#8243; text_color_type=&#8221;uncode-palette&#8221; el_class=&#8221;eilute&#8221;]Inspiring place for[\/vc_custom_heading][vc_custom_heading text_color=&#8221;color-132390&#8243; text_font=&#8221;font-167833&#8243; text_size=&#8221;fontsize-180468&#8243; text_weight=&#8221;300&#8243; text_transform=&#8221;uppercase&#8221; css_animation=&#8221;marquee-scroll-opposite&#8221; marquee_clone=&#8221;yes&#8221; uncode_shortcode_id=&#8221;110607&#8243; text_color_type=&#8221;uncode-palette&#8221; el_class=&#8221;eilute&#8221;]mind, body and soul[\/vc_custom_heading][\/vc_column][\/vc_row][vc_row row_height_percent=&#8221;0&#8243; override_padding=&#8221;yes&#8221; h_padding=&#8221;3&#8243; top_padding=&#8221;3&#8243; bottom_padding=&#8221;3&#8243; overlay_alpha=&#8221;50&#8243; gutter_size=&#8221;3&#8243; column_width_percent=&#8221;100&#8243; shift_y=&#8221;0&#8243; z_index=&#8221;0&#8243; uncode_shortcode_id=&#8221;112241&#8243; row_name=&#8221;ipatumai&#8221;][vc_column column_width_percent=&#8221;100&#8243; gutter_size=&#8221;3&#8243; overlay_alpha=&#8221;50&#8243; shift_x=&#8221;0&#8243; shift_y=&#8221;0&#8243; shift_y_down=&#8221;0&#8243; z_index=&#8221;0&#8243; medium_width=&#8221;0&#8243; mobile_width=&#8221;0&#8243; width=&#8221;1\/1&#8243; uncode_shortcode_id=&#8221;195638&#8243;][vc_row_inner][vc_column_inner width=&#8221;1\/2&#8243;][vc_column_text uncode_shortcode_id=&#8221;107944&#8243;]<\/p>\n<!--[if lt IE 9]><script>document.createElement('audio');<\/script><![endif]-->\n\t<div class=\"wp-playlist wp-audio-playlist wp-playlist-light\">\n\t\t\t<div class=\"wp-playlist-current-item\"><\/div>\n\t\t<audio controls=\"controls\" preload=\"none\" width=\"818\"\n\t\t\t><\/audio>\n\t<div class=\"wp-playlist-next\"><\/div>\n\t<div class=\"wp-playlist-prev\"><\/div>\n\t<noscript>\n\t<ol>\n\t\t<li><a href='https:\/\/www.baronovila.lt\/wp-content\/uploads\/2022\/10\/1.-ELNIAS-Pradzia-2.mp3'>ELNIAS - Prad\u017eia<\/a><\/li><li><a href='https:\/\/www.baronovila.lt\/wp-content\/uploads\/2022\/10\/3.-LAPE-Uosle-2.mp3'>LAP\u0116 - Uosl\u0117<\/a><\/li><li><a href='https:\/\/www.baronovila.lt\/wp-content\/uploads\/2022\/10\/4.-PLUNKSNA-Lytejimas-2.mp3'>PLUNKSNA - Lyt\u0117jimas<\/a><\/li><li><a href='https:\/\/www.baronovila.lt\/wp-content\/uploads\/2022\/10\/5.-SRAIGE-Suletejimas-2.mp3'>SRAIG\u0116 - Sul\u0117t\u0117jimas<\/a><\/li><li><a href='https:\/\/www.baronovila.lt\/wp-content\/uploads\/2022\/10\/6.-PEIZAZAS-Platus-vaizdas-2-1.mp3'>PEIZA\u017dAS - Platus vaizdas<\/a><\/li><li><a href='https:\/\/www.baronovila.lt\/wp-content\/uploads\/2022\/10\/7.-GILE-Lobis-2.mp3'>GIL\u0116 - Lobis<\/a><\/li><li><a href='https:\/\/www.baronovila.lt\/wp-content\/uploads\/2022\/10\/8.-MEDIS-Padeka-miskui-2-2.mp3'>MEDIS - Pad\u0117ka mi\u0161kui<\/a><\/li>\t<\/ol>\n\t<\/noscript>\n\t<script type=\"application\/json\" class=\"wp-playlist-script\">{\"type\":\"audio\",\"tracklist\":true,\"tracknumbers\":true,\"images\":false,\"artists\":false,\"tracks\":[{\"src\":\"https:\\\/\\\/www.baronovila.lt\\\/wp-content\\\/uploads\\\/2022\\\/10\\\/1.-ELNIAS-Pradzia-2.mp3\",\"type\":\"audio\\\/mpeg\",\"title\":\"ELNIAS - Prad\\u017eia\",\"caption\":\"\",\"description\":\"\\\"ELNIAS - Prad\\u017eia\\\" from Mi\\u0161ko maudyni\\u0173 audio gidas by Mila Monk, Linas Staliunas. Released: 2021. Genre: Audio guide.\",\"meta\":{\"artist\":\"Mila Monk, Linas Staliunas\",\"album\":\"Mi\\u0161ko maudyni\\u0173 audio gidas\",\"genre\":\"Audio guide\",\"year\":\"2021\",\"length_formatted\":\"4:49\"},\"image\":{\"src\":\"https:\\\/\\\/www.baronovila.lt\\\/wp-includes\\\/images\\\/media\\\/audio.png\",\"width\":48,\"height\":64},\"thumb\":{\"src\":\"https:\\\/\\\/www.baronovila.lt\\\/wp-includes\\\/images\\\/media\\\/audio.png\",\"width\":48,\"height\":64}},{\"src\":\"https:\\\/\\\/www.baronovila.lt\\\/wp-content\\\/uploads\\\/2022\\\/10\\\/3.-LAPE-Uosle-2.mp3\",\"type\":\"audio\\\/mpeg\",\"title\":\"LAP\\u0116 - Uosl\\u0117\",\"caption\":\"\",\"description\":\"\\\"LAP\\u0116 - Uosl\\u0117\\\" from Mi\\u0161ko maudyni\\u0173 audio gidas by Mila Monk, Linas Staliunas. Released: 2021. Genre: Audio guide.\",\"meta\":{\"artist\":\"Mila Monk, Linas Staliunas\",\"album\":\"Mi\\u0161ko maudyni\\u0173 audio gidas\",\"genre\":\"Audio guide\",\"year\":\"2021\",\"length_formatted\":\"2:58\"},\"image\":{\"src\":\"https:\\\/\\\/www.baronovila.lt\\\/wp-includes\\\/images\\\/media\\\/audio.png\",\"width\":48,\"height\":64},\"thumb\":{\"src\":\"https:\\\/\\\/www.baronovila.lt\\\/wp-includes\\\/images\\\/media\\\/audio.png\",\"width\":48,\"height\":64}},{\"src\":\"https:\\\/\\\/www.baronovila.lt\\\/wp-content\\\/uploads\\\/2022\\\/10\\\/4.-PLUNKSNA-Lytejimas-2.mp3\",\"type\":\"audio\\\/mpeg\",\"title\":\"PLUNKSNA - Lyt\\u0117jimas\",\"caption\":\"\",\"description\":\"\\\"PLUNKSNA - Lyt\\u0117jimas\\\" from Mi\\u0161ko maudyni\\u0173 audio gidas by Mila Monk, Linas Staliunas. Released: 2021. Genre: Audio guide.\",\"meta\":{\"artist\":\"Mila Monk, Linas Staliunas\",\"album\":\"Mi\\u0161ko maudyni\\u0173 audio gidas\",\"genre\":\"Audio guide\",\"year\":\"2021\",\"length_formatted\":\"2:04\"},\"image\":{\"src\":\"https:\\\/\\\/www.baronovila.lt\\\/wp-includes\\\/images\\\/media\\\/audio.png\",\"width\":48,\"height\":64},\"thumb\":{\"src\":\"https:\\\/\\\/www.baronovila.lt\\\/wp-includes\\\/images\\\/media\\\/audio.png\",\"width\":48,\"height\":64}},{\"src\":\"https:\\\/\\\/www.baronovila.lt\\\/wp-content\\\/uploads\\\/2022\\\/10\\\/5.-SRAIGE-Suletejimas-2.mp3\",\"type\":\"audio\\\/mpeg\",\"title\":\"SRAIG\\u0116 - Sul\\u0117t\\u0117jimas\",\"caption\":\"\",\"description\":\"\\\"SRAIG\\u0116 - Sul\\u0117t\\u0117jimas\\\" from Mi\\u0161ko maudyni\\u0173 audio gidas by Mila Monk, Linas Staliunas. Released: 2021. Genre: Audio guide.\",\"meta\":{\"artist\":\"Mila Monk, Linas Staliunas\",\"album\":\"Mi\\u0161ko maudyni\\u0173 audio gidas\",\"genre\":\"Audio guide\",\"year\":\"2021\",\"length_formatted\":\"4:16\"},\"image\":{\"src\":\"https:\\\/\\\/www.baronovila.lt\\\/wp-includes\\\/images\\\/media\\\/audio.png\",\"width\":48,\"height\":64},\"thumb\":{\"src\":\"https:\\\/\\\/www.baronovila.lt\\\/wp-includes\\\/images\\\/media\\\/audio.png\",\"width\":48,\"height\":64}},{\"src\":\"https:\\\/\\\/www.baronovila.lt\\\/wp-content\\\/uploads\\\/2022\\\/10\\\/6.-PEIZAZAS-Platus-vaizdas-2-1.mp3\",\"type\":\"audio\\\/mpeg\",\"title\":\"PEIZA\\u017dAS - Platus vaizdas\",\"caption\":\"\",\"description\":\"\\\"PEIZA\\u017dAS - Platus vaizdas\\\" from Mi\\u0161ko maudyni\\u0173 audio gidas by Mila Monk, Linas Staliunas. Released: 2021. Genre: Audio guide.\",\"meta\":{\"artist\":\"Mila Monk, Linas Staliunas\",\"album\":\"Mi\\u0161ko maudyni\\u0173 audio gidas\",\"genre\":\"Audio guide\",\"year\":\"2021\",\"length_formatted\":\"1:17\"},\"image\":{\"src\":\"https:\\\/\\\/www.baronovila.lt\\\/wp-includes\\\/images\\\/media\\\/audio.png\",\"width\":48,\"height\":64},\"thumb\":{\"src\":\"https:\\\/\\\/www.baronovila.lt\\\/wp-includes\\\/images\\\/media\\\/audio.png\",\"width\":48,\"height\":64}},{\"src\":\"https:\\\/\\\/www.baronovila.lt\\\/wp-content\\\/uploads\\\/2022\\\/10\\\/7.-GILE-Lobis-2.mp3\",\"type\":\"audio\\\/mpeg\",\"title\":\"GIL\\u0116 - Lobis\",\"caption\":\"\",\"description\":\"\\\"GIL\\u0116 - Lobis\\\" from Mi\\u0161ko maudyni\\u0173 audio gidas by Mila Monk, Linas Staliunas. Released: 2021. Genre: Audio guide.\",\"meta\":{\"artist\":\"Mila Monk, Linas Staliunas\",\"album\":\"Mi\\u0161ko maudyni\\u0173 audio gidas\",\"genre\":\"Audio guide\",\"year\":\"2021\",\"length_formatted\":\"1:25\"},\"image\":{\"src\":\"https:\\\/\\\/www.baronovila.lt\\\/wp-includes\\\/images\\\/media\\\/audio.png\",\"width\":48,\"height\":64},\"thumb\":{\"src\":\"https:\\\/\\\/www.baronovila.lt\\\/wp-includes\\\/images\\\/media\\\/audio.png\",\"width\":48,\"height\":64}},{\"src\":\"https:\\\/\\\/www.baronovila.lt\\\/wp-content\\\/uploads\\\/2022\\\/10\\\/8.-MEDIS-Padeka-miskui-2-2.mp3\",\"type\":\"audio\\\/mpeg\",\"title\":\"MEDIS - Pad\\u0117ka mi\\u0161kui\",\"caption\":\"\",\"description\":\"\\\"MEDIS - Pad\\u0117ka mi\\u0161kui\\\" from Mi\\u0161ko maudyni\\u0173 audio gidas by Mila Monk, Linas Staliunas. Released: 2021. Genre: Audio guide.\",\"meta\":{\"artist\":\"Mila Monk, Linas Staliunas\",\"album\":\"Mi\\u0161ko maudyni\\u0173 audio gidas\",\"genre\":\"Audio guide\",\"year\":\"2021\",\"length_formatted\":\"1:15\"},\"image\":{\"src\":\"https:\\\/\\\/www.baronovila.lt\\\/wp-includes\\\/images\\\/media\\\/audio.png\",\"width\":48,\"height\":64},\"thumb\":{\"src\":\"https:\\\/\\\/www.baronovila.lt\\\/wp-includes\\\/images\\\/media\\\/audio.png\",\"width\":48,\"height\":64}}]}<\/script>\n<\/div>\n\t\n<p>[\/vc_column_text][\/vc_column_inner][vc_column_inner width=&#8221;1\/2&#8243;][vc_single_image media=&#8221;598&#8243; media_width_percent=&#8221;100&#8243; uncode_shortcode_id=&#8221;828169&#8243;][\/vc_column_inner][\/vc_row_inner][\/vc_column][\/vc_row]<\/p>\n","protected":false},"excerpt":{"rendered":"<p>[vc_row row_height_percent=&#8221;0&#8243; back_color=&#8221;color-132390&#8243; overlay_alpha=&#8221;50&#8243; gutter_size=&#8221;3&#8243; column_width_percent=&#8221;100&#8243; shift_y=&#8221;0&#8243; z_index=&#8221;0&#8243; uncode_shortcode_id=&#8221;154603&#8243; back_color_type=&#8221;uncode-palette&#8221;][vc_column column_width_percent=&#8221;100&#8243; gutter_size=&#8221;2&#8243; overlay_alpha=&#8221;50&#8243; shift_x=&#8221;0&#8243; shift_y=&#8221;0&#8243; shift_y_down=&#8221;0&#8243; z_index=&#8221;0&#8243; medium_width=&#8221;0&#8243; mobile_width=&#8221;0&#8243; width=&#8221;1\/1&#8243; [&hellip;]<\/p>\n","protected":false},"author":1,"featured_media":0,"parent":0,"menu_order":0,"comment_status":"closed","ping_status":"closed","template":"","meta":[],"yoast_head":"<!-- This site is optimized with the Yoast SEO plugin v20.1 - https:\/\/yoast.com\/wordpress\/plugins\/seo\/ -->\n<title>Audioguide - Barono Vila<\/title>\n<meta name=\"robots\" content=\"index, follow, max-snippet:-1, max-image-preview:large, max-video-preview:-1\" \/>\n<link rel=\"canonical\" href=\"https:\/\/www.baronovila.lt\/en\/audioguide\/?lang=en\" \/>\n<meta property=\"og:locale\" content=\"en_US\" \/>\n<meta property=\"og:type\" content=\"article\" \/>\n<meta property=\"og:title\" content=\"Audioguide - Barono Vila\" \/>\n<meta property=\"og:description\" content=\"[vc_row row_height_percent=&#8221;0&#8243; back_color=&#8221;color-132390&#8243; overlay_alpha=&#8221;50&#8243; gutter_size=&#8221;3&#8243; column_width_percent=&#8221;100&#8243; shift_y=&#8221;0&#8243; z_index=&#8221;0&#8243; uncode_shortcode_id=&#8221;154603&#8243; back_color_type=&#8221;uncode-palette&#8221;][vc_column column_width_percent=&#8221;100&#8243; gutter_size=&#8221;2&#8243; overlay_alpha=&#8221;50&#8243; shift_x=&#8221;0&#8243; shift_y=&#8221;0&#8243; shift_y_down=&#8221;0&#8243; z_index=&#8221;0&#8243; medium_width=&#8221;0&#8243; mobile_width=&#8221;0&#8243; width=&#8221;1\/1&#8243; [&hellip;]\" \/>\n<meta property=\"og:url\" content=\"https:\/\/www.baronovila.lt\/audioguide\/?lang=en\" \/>\n<meta property=\"og:site_name\" content=\"Barono Vila\" \/>\n<meta property=\"article:publisher\" content=\"https:\/\/www.facebook.com\/Mususodyba22\" \/>\n<meta name=\"twitter:card\" content=\"summary_large_image\" \/>\n<meta name=\"twitter:label1\" content=\"Est. reading time\" \/>\n\t<meta name=\"twitter:data1\" content=\"1 minute\" \/>\n<script type=\"application\/ld+json\" class=\"yoast-schema-graph\">{\"@context\":\"https:\/\/schema.org\",\"@graph\":[{\"@type\":\"WebPage\",\"@id\":\"https:\/\/www.baronovila.lt\/audioguide\/?lang=en\",\"url\":\"https:\/\/www.baronovila.lt\/audioguide\/?lang=en\",\"name\":\"Audioguide - Barono Vila\",\"isPartOf\":{\"@id\":\"https:\/\/www.baronovila.lt\/#website\"},\"datePublished\":\"2023-02-09T13:22:57+00:00\",\"dateModified\":\"2023-02-09T13:22:57+00:00\",\"breadcrumb\":{\"@id\":\"https:\/\/www.baronovila.lt\/audioguide\/?lang=en#breadcrumb\"},\"inLanguage\":\"en-US\",\"potentialAction\":[{\"@type\":\"ReadAction\",\"target\":[\"https:\/\/www.baronovila.lt\/audioguide\/?lang=en\"]}]},{\"@type\":\"BreadcrumbList\",\"@id\":\"https:\/\/www.baronovila.lt\/audioguide\/?lang=en#breadcrumb\",\"itemListElement\":[{\"@type\":\"ListItem\",\"position\":1,\"name\":\"Home\",\"item\":\"https:\/\/www.baronovila.lt\/en\/\"},{\"@type\":\"ListItem\",\"position\":2,\"name\":\"Audioguide\"}]},{\"@type\":\"WebSite\",\"@id\":\"https:\/\/www.baronovila.lt\/#website\",\"url\":\"https:\/\/www.baronovila.lt\/\",\"name\":\"Barono Vila\",\"description\":\"Vieta, kuri \u012fkvepia\",\"publisher\":{\"@id\":\"https:\/\/www.baronovila.lt\/#organization\"},\"potentialAction\":[{\"@type\":\"SearchAction\",\"target\":{\"@type\":\"EntryPoint\",\"urlTemplate\":\"https:\/\/www.baronovila.lt\/?s={search_term_string}\"},\"query-input\":\"required name=search_term_string\"}],\"inLanguage\":\"en-US\"},{\"@type\":\"Organization\",\"@id\":\"https:\/\/www.baronovila.lt\/#organization\",\"name\":\"Barono Vila\",\"url\":\"https:\/\/www.baronovila.lt\/\",\"logo\":{\"@type\":\"ImageObject\",\"inLanguage\":\"en-US\",\"@id\":\"https:\/\/www.baronovila.lt\/#\/schema\/logo\/image\/\",\"url\":\"https:\/\/www.baronovila.lt\/wp-content\/uploads\/2022\/10\/BaronoVila_logo_black-1.svg\",\"contentUrl\":\"https:\/\/www.baronovila.lt\/wp-content\/uploads\/2022\/10\/BaronoVila_logo_black-1.svg\",\"width\":1,\"height\":1,\"caption\":\"Barono Vila\"},\"image\":{\"@id\":\"https:\/\/www.baronovila.lt\/#\/schema\/logo\/image\/\"},\"sameAs\":[\"https:\/\/www.facebook.com\/Mususodyba22\",\"https:\/\/www.instagram.com\/baronovila\/\"]}]}<\/script>\n<!-- \/ Yoast SEO plugin. -->","yoast_head_json":{"title":"Audioguide - Barono Vila","robots":{"index":"index","follow":"follow","max-snippet":"max-snippet:-1","max-image-preview":"max-image-preview:large","max-video-preview":"max-video-preview:-1"},"canonical":"https:\/\/www.baronovila.lt\/en\/audioguide\/?lang=en","og_locale":"en_US","og_type":"article","og_title":"Audioguide - Barono Vila","og_description":"[vc_row row_height_percent=&#8221;0&#8243; back_color=&#8221;color-132390&#8243; overlay_alpha=&#8221;50&#8243; gutter_size=&#8221;3&#8243; column_width_percent=&#8221;100&#8243; shift_y=&#8221;0&#8243; z_index=&#8221;0&#8243; uncode_shortcode_id=&#8221;154603&#8243; back_color_type=&#8221;uncode-palette&#8221;][vc_column column_width_percent=&#8221;100&#8243; gutter_size=&#8221;2&#8243; overlay_alpha=&#8221;50&#8243; shift_x=&#8221;0&#8243; shift_y=&#8221;0&#8243; shift_y_down=&#8221;0&#8243; z_index=&#8221;0&#8243; medium_width=&#8221;0&#8243; mobile_width=&#8221;0&#8243; width=&#8221;1\/1&#8243; [&hellip;]","og_url":"https:\/\/www.baronovila.lt\/audioguide\/?lang=en","og_site_name":"Barono Vila","article_publisher":"https:\/\/www.facebook.com\/Mususodyba22","twitter_card":"summary_large_image","twitter_misc":{"Est. reading time":"1 minute"},"schema":{"@context":"https:\/\/schema.org","@graph":[{"@type":"WebPage","@id":"https:\/\/www.baronovila.lt\/audioguide\/?lang=en","url":"https:\/\/www.baronovila.lt\/audioguide\/?lang=en","name":"Audioguide - Barono Vila","isPartOf":{"@id":"https:\/\/www.baronovila.lt\/#website"},"datePublished":"2023-02-09T13:22:57+00:00","dateModified":"2023-02-09T13:22:57+00:00","breadcrumb":{"@id":"https:\/\/www.baronovila.lt\/audioguide\/?lang=en#breadcrumb"},"inLanguage":"en-US","potentialAction":[{"@type":"ReadAction","target":["https:\/\/www.baronovila.lt\/audioguide\/?lang=en"]}]},{"@type":"BreadcrumbList","@id":"https:\/\/www.baronovila.lt\/audioguide\/?lang=en#breadcrumb","itemListElement":[{"@type":"ListItem","position":1,"name":"Home","item":"https:\/\/www.baronovila.lt\/en\/"},{"@type":"ListItem","position":2,"name":"Audioguide"}]},{"@type":"WebSite","@id":"https:\/\/www.baronovila.lt\/#website","url":"https:\/\/www.baronovila.lt\/","name":"Barono Vila","description":"Vieta, kuri \u012fkvepia","publisher":{"@id":"https:\/\/www.baronovila.lt\/#organization"},"potentialAction":[{"@type":"SearchAction","target":{"@type":"EntryPoint","urlTemplate":"https:\/\/www.baronovila.lt\/?s={search_term_string}"},"query-input":"required name=search_term_string"}],"inLanguage":"en-US"},{"@type":"Organization","@id":"https:\/\/www.baronovila.lt\/#organization","name":"Barono Vila","url":"https:\/\/www.baronovila.lt\/","logo":{"@type":"ImageObject","inLanguage":"en-US","@id":"https:\/\/www.baronovila.lt\/#\/schema\/logo\/image\/","url":"https:\/\/www.baronovila.lt\/wp-content\/uploads\/2022\/10\/BaronoVila_logo_black-1.svg","contentUrl":"https:\/\/www.baronovila.lt\/wp-content\/uploads\/2022\/10\/BaronoVila_logo_black-1.svg","width":1,"height":1,"caption":"Barono Vila"},"image":{"@id":"https:\/\/www.baronovila.lt\/#\/schema\/logo\/image\/"},"sameAs":["https:\/\/www.facebook.com\/Mususodyba22","https:\/\/www.instagram.com\/baronovila\/"]}]}},"_links":{"self":[{"href":"https:\/\/www.baronovila.lt\/en\/wp-json\/wp\/v2\/pages\/1243"}],"collection":[{"href":"https:\/\/www.baronovila.lt\/en\/wp-json\/wp\/v2\/pages"}],"about":[{"href":"https:\/\/www.baronovila.lt\/en\/wp-json\/wp\/v2\/types\/page"}],"author":[{"embeddable":true,"href":"https:\/\/www.baronovila.lt\/en\/wp-json\/wp\/v2\/users\/1"}],"replies":[{"embeddable":true,"href":"https:\/\/www.baronovila.lt\/en\/wp-json\/wp\/v2\/comments?post=1243"}],"version-history":[{"count":1,"href":"https:\/\/www.baronovila.lt\/en\/wp-json\/wp\/v2\/pages\/1243\/revisions"}],"predecessor-version":[{"id":1244,"href":"https:\/\/www.baronovila.lt\/en\/wp-json\/wp\/v2\/pages\/1243\/revisions\/1244"}],"wp:attachment":[{"href":"https:\/\/www.baronovila.lt\/en\/wp-json\/wp\/v2\/media?parent=1243"}],"curies":[{"name":"wp","href":"https:\/\/api.w.org\/{rel}","templated":true}]}}